{"id":16012,"date":"2025-07-04T14:57:06","date_gmt":"2025-07-04T14:57:06","guid":{"rendered":"https:\/\/mg-web.fr\/politica-de-privacidad\/"},"modified":"2025-10-28T15:07:35","modified_gmt":"2025-10-28T15:07:35","slug":"politica-de-privacidad","status":"publish","type":"page","link":"https:\/\/mg-web.fr\/es\/politica-de-privacidad\/","title":{"rendered":"Pol\u00edtica de privacidad"},"content":{"rendered":"\t\t<div data-elementor-type=\"wp-page\" data-elementor-id=\"16012\" class=\"elementor elementor-16012 elementor-15845\" data-elementor-post-type=\"page\">\n\t\t\t\t<div class=\"elementor-element elementor-element-116147ae e-flex e-con-boxed e-con e-parent\" data-id=\"116147ae\" data-element_type=\"container\" data-e-type=\"container\">\n\t\t\t\t\t<div class=\"e-con-inner\">\n\t\t\t\t<div class=\"elementor-element elementor-element-40f11ad4 elementor-widget__width-initial elementor-widget elementor-widget-text-editor\" data-id=\"40f11ad4\" data-element_type=\"widget\" data-e-type=\"widget\" data-widget_type=\"text-editor.default\">\n\t\t\t\t\t\t\t\t\t<h2>\u00bfQui\u00e9nes somos?<\/h2><p>La direcci\u00f3n de nuestro sitio web es: https:\/\/mg-web.fr.<\/p><h3>Uso de los datos personales recopilados<\/h3><p><strong>Comentarios<\/strong><br>Cuando deja un comentario en nuestro sitio web, los datos introducidos en el formulario de comentarios, as\u00ed como su direcci\u00f3n IP y el agente de usuario de su navegador, se recopilan para ayudarnos a detectar comentarios no deseados.<\/p><p>Se puede enviar una cadena anonimizada creada a partir de su direcci\u00f3n de correo electr\u00f3nico (tambi\u00e9n llamada hash) al servicio Gravatar para comprobar si lo est\u00e1 utilizando. La pol\u00edtica de privacidad del servicio Gravatar est\u00e1 disponible aqu\u00ed: https:\/\/automattic.com\/privacy\/. Despu\u00e9s de la aprobaci\u00f3n de su comentario, su foto de perfil ser\u00e1 visible p\u00fablicamente junto a su comentario.<\/p><h3>Medios<\/h3><p>Si es un usuario registrado y sube im\u00e1genes al sitio web, le recomendamos que evite subir im\u00e1genes que contengan datos EXIF de coordenadas GPS. Los visitantes de su sitio web pueden descargar y extraer los datos de ubicaci\u00f3n de estas im\u00e1genes.<\/p><h3>Formularios de contacto<\/h3><p><strong>Cookies<\/strong><br>Si deja un comentario en nuestro sitio, se le ofrecer\u00e1 la opci\u00f3n de guardar su nombre, direcci\u00f3n de correo electr\u00f3nico y sitio web en cookies. Esto es \u00fanicamente para su comodidad, para que no tenga que volver a introducir estos datos si deja otro comentario m\u00e1s adelante. Estas cookies caducan al cabo de un a\u00f1o.<\/p><p>Si tiene una cuenta y se conecta a este sitio, se crear\u00e1 una cookie temporal para determinar si su navegador acepta cookies. No contiene datos personales y se eliminar\u00e1 autom\u00e1ticamente cuando cierre su navegador.<\/p><p>Cuando inicie sesi\u00f3n, estableceremos una serie de cookies para guardar su informaci\u00f3n de inicio de sesi\u00f3n y sus preferencias de pantalla. La duraci\u00f3n de una cookie de inicio de sesi\u00f3n es de dos d\u00edas, y la de una cookie de opciones de pantalla es de un a\u00f1o. Si marca \u00abRecordarme\u00bb, su cookie de inicio de sesi\u00f3n se mantendr\u00e1 durante dos semanas. Si cierra sesi\u00f3n en su cuenta, la cookie de inicio de sesi\u00f3n se eliminar\u00e1.<\/p><p>Al modificar o publicar un art\u00edculo, se guardar\u00e1 una cookie adicional en su navegador. Esta cookie no incluye datos personales. Simplemente indica el ID del art\u00edculo que acaba de editar. Caduca despu\u00e9s de un d\u00eda.<\/p><p>Contenido incrustado de otros sitios<br>Los art\u00edculos de este sitio pueden incluir contenido incrustado (por ejemplo, v\u00eddeos, im\u00e1genes, art\u00edculos&#8230;). El contenido incrustado de otros sitios se comporta exactamente de la misma manera que si el visitante hubiera visitado el otro sitio.<\/p><p>Estos sitios web pueden recopilar datos sobre usted, utilizar cookies, incorporar herramientas de seguimiento de terceros y supervisar su interacci\u00f3n con ese contenido incrustado si tiene una cuenta conectada en su sitio web.<\/p><p>Estad\u00edsticas y medici\u00f3n de audiencia<br>Uso y transmisi\u00f3n de sus datos personales<br>Per\u00edodo de conservaci\u00f3n de sus datos<br>Si deja un comentario, el comentario y sus metadatos se conservan indefinidamente. Esto permite reconocer y aprobar autom\u00e1ticamente los comentarios siguientes en lugar de dejarlos en la cola de moderaci\u00f3n.<\/p><p>Para los usuarios que se registran en nuestro sitio (si es posible), tambi\u00e9n almacenamos los datos personales que proporcionan en su perfil. Todos los usuarios pueden ver, modificar o eliminar su informaci\u00f3n personal en cualquier momento (excepto su nombre de usuario). Los administradores del sitio tambi\u00e9n pueden ver y modificar esta informaci\u00f3n.<\/p><p>Derechos sobre sus datos<br>Si tiene una cuenta o ha dejado comentarios en el sitio, puede solicitar recibir un archivo con todos los datos personales que tenemos sobre usted, incluyendo los que nos haya proporcionado. Tambi\u00e9n puede solicitar que eliminemos cualquier dato personal que tengamos sobre usted. Esto no incluye los datos que estamos obligados a conservar con fines administrativos, legales o de seguridad.<\/p><p>Transmisi\u00f3n de sus datos personales<br>Los comentarios de los visitantes pueden ser verificados mediante un servicio automatizado de detecci\u00f3n de comentarios no deseados.<\/p>\t\t\t\t\t\t\t\t<\/div>\n\t\t\t\t\t<\/div>\n\t\t\t\t<\/div>\n\t\t\t\t<\/div>\n\t\t","protected":false},"excerpt":{"rendered":"<p>\u00bfQui\u00e9nes somos? La direcci\u00f3n de nuestro sitio web es: https:\/\/mg-web.fr. Uso de los datos personales recopilados ComentariosCuando deja un comentario en nuestro sitio web, los datos introducidos en el formulario de comentarios, as\u00ed como su direcci\u00f3n IP y el agente de usuario de su navegador, se recopilan para ayudarnos a detectar comentarios no deseados. Se [&hellip;]<\/p>\n","protected":false},"author":1,"featured_media":0,"parent":0,"menu_order":0,"comment_status":"closed","ping_status":"closed","template":"","meta":{"footnotes":""},"class_list":["post-16012","page","type-page","status-publish","hentry"],"_links":{"self":[{"href":"https:\/\/mg-web.fr\/es\/wp-json\/wp\/v2\/pages\/16012","targetHints":{"allow":["GET"]}}],"collection":[{"href":"https:\/\/mg-web.fr\/es\/wp-json\/wp\/v2\/pages"}],"about":[{"href":"https:\/\/mg-web.fr\/es\/wp-json\/wp\/v2\/types\/page"}],"author":[{"embeddable":true,"href":"https:\/\/mg-web.fr\/es\/wp-json\/wp\/v2\/users\/1"}],"replies":[{"embeddable":true,"href":"https:\/\/mg-web.fr\/es\/wp-json\/wp\/v2\/comments?post=16012"}],"version-history":[{"count":1,"href":"https:\/\/mg-web.fr\/es\/wp-json\/wp\/v2\/pages\/16012\/revisions"}],"predecessor-version":[{"id":16013,"href":"https:\/\/mg-web.fr\/es\/wp-json\/wp\/v2\/pages\/16012\/revisions\/16013"}],"wp:attachment":[{"href":"https:\/\/mg-web.fr\/es\/wp-json\/wp\/v2\/media?parent=16012"}],"curies":[{"name":"wp","href":"https:\/\/api.w.org\/{rel}","templated":true}]}}