{"id":16026,"date":"2024-11-28T13:06:53","date_gmt":"2024-11-28T13:06:53","guid":{"rendered":"https:\/\/mg-web.fr\/posicionamiento-seo\/"},"modified":"2025-10-28T15:08:23","modified_gmt":"2025-10-28T15:08:23","slug":"posicionamiento-seo","status":"publish","type":"page","link":"https:\/\/mg-web.fr\/es\/posicionamiento-seo\/","title":{"rendered":"Posicionamiento SEO"},"content":{"rendered":"\t\t<div data-elementor-type=\"wp-page\" data-elementor-id=\"16026\" class=\"elementor elementor-16026 elementor-133\" data-elementor-post-type=\"page\">\n\t\t\t\t<div class=\"elementor-element elementor-element-2d93888 e-con-full e-flex e-con e-parent\" data-id=\"2d93888\" data-element_type=\"container\" data-e-type=\"container\">\n\t\t<div class=\"elementor-element elementor-element-5bcf5c7 e-con-full e-flex e-con e-child\" data-id=\"5bcf5c7\" data-element_type=\"container\" data-e-type=\"container\" data-settings=\"{&quot;background_background&quot;:&quot;classic&quot;}\">\n\t\t\t\t<div class=\"elementor-element elementor-element-1c3281f elementor-widget elementor-widget-heading\" data-id=\"1c3281f\" data-element_type=\"widget\" data-e-type=\"widget\" data-widget_type=\"heading.default\">\n\t\t\t\t\t<p class=\"elementor-heading-title elementor-size-default\">Dominamos los criterios de los motores de b\u00fasqueda y sabemos c\u00f3mo optimizar su sitio web para que destaque entre los dem\u00e1s. <\/p>\t\t\t\t<\/div>\n\t\t\t\t<\/div>\n\t\t<div class=\"elementor-element elementor-element-c97112d e-con-full e-flex elementor-invisible e-con e-child\" data-id=\"c97112d\" data-element_type=\"container\" data-e-type=\"container\" data-settings=\"{&quot;background_background&quot;:&quot;video&quot;,&quot;background_video_link&quot;:&quot;https:\\\/\\\/mg-web.fr\\\/wp-content\\\/uploads\\\/2025\\\/02\\\/seo-mg-web.mp4&quot;,&quot;animation&quot;:&quot;zoomIn&quot;,&quot;animation_delay&quot;:4}\">\n\t\t<div class=\"elementor-background-video-container elementor-hidden-mobile\">\n\t\t\t\t\t\t\t<video class=\"elementor-background-video-hosted\" role=\"presentation\" autoplay muted playsinline loop><\/video>\n\t\t\t\t\t<\/div>\t\t<\/div>\n\t\t<div class=\"elementor-element elementor-element-4444db2 e-con-full e-flex e-con e-child\" data-id=\"4444db2\" data-element_type=\"container\" data-e-type=\"container\">\n\t\t\t\t<div class=\"elementor-element elementor-element-f4ea22f elementor-widget elementor-widget-heading\" data-id=\"f4ea22f\" data-element_type=\"widget\" data-e-type=\"widget\" data-widget_type=\"heading.default\">\n\t\t\t\t\t<h2 class=\"elementor-heading-title elementor-size-default\">Un m\u00e9todo probado para un contenido eficaz<\/h2>\t\t\t\t<\/div>\n\t\t\t\t<div class=\"elementor-element elementor-element-b52a040 elementor-widget elementor-widget-text-editor\" data-id=\"b52a040\" data-element_type=\"widget\" data-e-type=\"widget\" data-widget_type=\"text-editor.default\">\n\t\t\t\t\t\t\t\t\t<p>Gracias a nuestra experiencia, sus p\u00e1ginas se indexan correctamente y son visibles para las palabras clave estrat\u00e9gicas, situ\u00e1ndole m\u00e1s cerca de sus potenciales clientes.<\/p><p>Hemos desarrollado un enfoque personalizado para ayudarle a producir contenido de calidad, favorecido por los motores de b\u00fasqueda.<\/p><p>Este m\u00e9todo permite desarrollar su visibilidad y rentabilizar sus acciones de marketing en l\u00ednea.<\/p><p>Cada aspecto de su estrategia se estudia cuidadosamente para satisfacer las expectativas de su audiencia.<\/p>\t\t\t\t\t\t\t\t<\/div>\n\t\t\t\t<\/div>\n\t\t<div class=\"elementor-element elementor-element-ba4583f e-con-full e-flex e-con e-child\" data-id=\"ba4583f\" data-element_type=\"container\" data-e-type=\"container\">\n\t\t\t\t<div class=\"elementor-element elementor-element-91c7893 elementor-widget elementor-widget-heading\" data-id=\"91c7893\" data-element_type=\"widget\" data-e-type=\"widget\" data-widget_type=\"heading.default\">\n\t\t\t\t\t<h2 class=\"elementor-heading-title elementor-size-default\">Un plan SEO en varias etapas<\/h2>\t\t\t\t<\/div>\n\t\t\t\t<div class=\"elementor-element elementor-element-8613e95 elementor-widget elementor-widget-text-editor\" data-id=\"8613e95\" data-element_type=\"widget\" data-e-type=\"widget\" data-widget_type=\"text-editor.default\">\n\t\t\t\t\t\t\t\t\t<p>Nuestro proceso comienza con una comprensi\u00f3n profunda de su sector y sus objetivos.<\/p><p>Identificamos su audiencia, analizamos a sus competidores y definimos una estrategia adaptada. <br>Luego optimizamos la estructura y las palabras clave de su sitio web para garantizar una compatibilidad perfecta con los motores de b\u00fasqueda.<\/p><p>Finalmente, hacemos un seguimiento de su rendimiento, analizamos el comportamiento de sus visitantes y ajustamos su estrategia gracias a informes detallados y recomendaciones precisas.<\/p>\t\t\t\t\t\t\t\t<\/div>\n\t\t\t\t<\/div>\n\t\t<div class=\"elementor-element elementor-element-7adf82d e-con-full e-flex elementor-invisible e-con e-child\" data-id=\"7adf82d\" data-element_type=\"container\" data-e-type=\"container\" data-settings=\"{&quot;background_background&quot;:&quot;classic&quot;,&quot;animation&quot;:&quot;zoomIn&quot;,&quot;animation_delay&quot;:10}\">\n\t\t\t\t<\/div>\n\t\t<div class=\"elementor-element elementor-element-9d6444c e-con-full e-flex elementor-invisible e-con e-child\" data-id=\"9d6444c\" data-element_type=\"container\" data-e-type=\"container\" data-settings=\"{&quot;background_background&quot;:&quot;classic&quot;,&quot;animation&quot;:&quot;zoomIn&quot;,&quot;animation_delay&quot;:15}\">\n\t\t\t\t<\/div>\n\t\t<div class=\"elementor-element elementor-element-0478bdc e-con-full e-flex e-con e-child\" data-id=\"0478bdc\" data-element_type=\"container\" data-e-type=\"container\">\n\t\t\t\t<div class=\"elementor-element elementor-element-7dab59c elementor-widget elementor-widget-heading\" data-id=\"7dab59c\" data-element_type=\"widget\" data-e-type=\"widget\" data-widget_type=\"heading.default\">\n\t\t\t\t\t<h2 class=\"elementor-heading-title elementor-size-default\">\u00bfPor qu\u00e9 elegir nuestro plan SEO?<\/h2>\t\t\t\t<\/div>\n\t\t\t\t<div class=\"elementor-element elementor-element-a7c169b elementor-widget elementor-widget-text-editor\" data-id=\"a7c169b\" data-element_type=\"widget\" data-e-type=\"widget\" data-widget_type=\"text-editor.default\">\n\t\t\t\t\t\t\t\t\t<p>Con MG WEB, usted se beneficia de una soluci\u00f3n a medida, dise\u00f1ada para optimizar el impacto de su sitio web. <br>Le ayudamos a atraer tr\u00e1fico cualificado, a adquirir prospectos de calidad y a reforzar su presencia donde sus clientes le buscan.<\/p><p><strong>Resultado: Una tasa de conversi\u00f3n aumentada y una notoriedad duradera para su marca.<\/strong><\/p>\t\t\t\t\t\t\t\t<\/div>\n\t\t\t\t<\/div>\n\t\t\t\t<\/div>\n\t\t\t\t<\/div>\n\t\t","protected":false},"excerpt":{"rendered":"<p>Una visibilidad \u00f3ptima en los motores de b\u00fasqueda<\/p>\n","protected":false},"author":1,"featured_media":15590,"parent":0,"menu_order":0,"comment_status":"closed","ping_status":"closed","template":"","meta":{"footnotes":""},"class_list":["post-16026","page","type-page","status-publish","has-post-thumbnail","hentry"],"_links":{"self":[{"href":"https:\/\/mg-web.fr\/es\/wp-json\/wp\/v2\/pages\/16026","targetHints":{"allow":["GET"]}}],"collection":[{"href":"https:\/\/mg-web.fr\/es\/wp-json\/wp\/v2\/pages"}],"about":[{"href":"https:\/\/mg-web.fr\/es\/wp-json\/wp\/v2\/types\/page"}],"author":[{"embeddable":true,"href":"https:\/\/mg-web.fr\/es\/wp-json\/wp\/v2\/users\/1"}],"replies":[{"embeddable":true,"href":"https:\/\/mg-web.fr\/es\/wp-json\/wp\/v2\/comments?post=16026"}],"version-history":[{"count":1,"href":"https:\/\/mg-web.fr\/es\/wp-json\/wp\/v2\/pages\/16026\/revisions"}],"predecessor-version":[{"id":16028,"href":"https:\/\/mg-web.fr\/es\/wp-json\/wp\/v2\/pages\/16026\/revisions\/16028"}],"wp:featuredmedia":[{"embeddable":true,"href":"https:\/\/mg-web.fr\/es\/wp-json\/wp\/v2\/media\/15590"}],"wp:attachment":[{"href":"https:\/\/mg-web.fr\/es\/wp-json\/wp\/v2\/media?parent=16026"}],"curies":[{"name":"wp","href":"https:\/\/api.w.org\/{rel}","templated":true}]}}