{"id":16030,"date":"2024-11-28T13:05:35","date_gmt":"2024-11-28T13:05:35","guid":{"rendered":"https:\/\/mg-web.fr\/creacion-de-sitios-web-a-medida\/"},"modified":"2026-02-26T09:47:33","modified_gmt":"2026-02-26T09:47:33","slug":"creacion-de-sitios-web-a-medida","status":"publish","type":"page","link":"https:\/\/mg-web.fr\/es\/creacion-de-sitios-web-a-medida\/","title":{"rendered":"Creaci\u00f3n de sitios web a medida"},"content":{"rendered":"\t\t<div data-elementor-type=\"wp-page\" data-elementor-id=\"16030\" class=\"elementor elementor-16030 elementor-128\" data-elementor-post-type=\"page\">\n\t\t\t\t<div class=\"elementor-element elementor-element-847abcd e-con-full e-flex e-con e-parent\" data-id=\"847abcd\" data-element_type=\"container\" data-e-type=\"container\">\n\t\t<div class=\"elementor-element elementor-element-19fd4f7 e-con-full e-flex e-con e-child\" data-id=\"19fd4f7\" data-element_type=\"container\" data-e-type=\"container\" data-settings=\"{&quot;background_background&quot;:&quot;classic&quot;}\">\n\t\t\t\t<div class=\"elementor-element elementor-element-506e899 elementor-widget elementor-widget-heading\" data-id=\"506e899\" data-element_type=\"widget\" data-e-type=\"widget\" data-widget_type=\"heading.default\">\n\t\t\t\t\t<p class=\"elementor-heading-title elementor-size-default\">\n Desde el dise\u00f1o hasta el mantenimiento, construimos sitios web personalizados, funcionales y est\u00e9ticos que capturan la esencia de su marca.<\/p>\t\t\t\t<\/div>\n\t\t\t\t<\/div>\n\t\t<div class=\"elementor-element elementor-element-c6c6542 e-con-full e-flex elementor-invisible e-con e-child\" data-id=\"c6c6542\" data-element_type=\"container\" data-e-type=\"container\" data-settings=\"{&quot;background_background&quot;:&quot;classic&quot;,&quot;animation&quot;:&quot;zoomIn&quot;,&quot;animation_delay&quot;:4}\">\n\t\t\t\t<\/div>\n\t\t<div class=\"elementor-element elementor-element-1f81151 e-con-full e-flex e-con e-child\" data-id=\"1f81151\" data-element_type=\"container\" data-e-type=\"container\">\n\t\t\t\t<div class=\"elementor-element elementor-element-388ae5c4 elementor-widget elementor-widget-heading\" data-id=\"388ae5c4\" data-element_type=\"widget\" data-e-type=\"widget\" data-widget_type=\"heading.default\">\n\t\t\t\t\t<h2 class=\"elementor-heading-title elementor-size-default\">\u00bfDesea impulsar su empresa en la web y fortalecer su visibilidad digital? <\/h2>\t\t\t\t<\/div>\n\t\t\t\t<div class=\"elementor-element elementor-element-19351290 elementor-widget elementor-widget-text-editor\" data-id=\"19351290\" data-element_type=\"widget\" data-e-type=\"widget\" data-widget_type=\"text-editor.default\">\n\t\t\t\t\t\t\t\t\t<p>MG WEB es su experto en estrategia web, especializado en la creaci\u00f3n de sitios web corporativos y tiendas de comercio electr\u00f3nico.<\/p><p>Comenzamos con un an\u00e1lisis exhaustivo de sus necesidades para desarrollar juntos la estrategia que optimizar\u00e1 su presencia en l\u00ednea.<\/p><p>Descubra c\u00f3mo nuestras soluciones personalizadas pueden transformar su proyecto digital en un \u00e9xito.<\/p>\t\t\t\t\t\t\t\t<\/div>\n\t\t\t\t<\/div>\n\t\t<div class=\"elementor-element elementor-element-c307961 e-con-full e-flex e-con e-child\" data-id=\"c307961\" data-element_type=\"container\" data-e-type=\"container\">\n\t\t\t\t<div class=\"elementor-element elementor-element-cc392c5 elementor-widget elementor-widget-heading\" data-id=\"cc392c5\" data-element_type=\"widget\" data-e-type=\"widget\" data-widget_type=\"heading.default\">\n\t\t\t\t\t<h2 class=\"elementor-heading-title elementor-size-default\">Creaci\u00f3n de sitios web a medida<\/h2>\t\t\t\t<\/div>\n\t\t\t\t<div class=\"elementor-element elementor-element-54f59b6 elementor-widget elementor-widget-text-editor\" data-id=\"54f59b6\" data-element_type=\"widget\" data-e-type=\"widget\" data-widget_type=\"text-editor.default\">\n\t\t\t\t\t\t\t\t\t<p><span style=\"font-weight: 400;\">Creamos sitios web a medida que reflejan perfectamente su empresa y responden a sus expectativas espec\u00edficas. <\/span><\/p><p><span style=\"font-weight: 400;\">Sabemos que una presencia digital impactante es una palanca esencial para valorizar su experiencia y fortalecer la confianza de sus prospectos y clientes.<\/span><\/p><p><span style=\"font-weight: 400;\">Por eso le acompa\u00f1amos en cada etapa con consejos adaptados y un proyecto totalmente personalizado, dise\u00f1ado para optimizar sus resultados.<\/span><\/p><p><span style=\"font-weight: 400;\">Conscientes de que cada empresa tiene sus propias necesidades y desaf\u00edos, nos comprometemos a tener en cuenta sus particularidades para ofrecerle una soluci\u00f3n que le haga destacar.<\/span><\/p>\t\t\t\t\t\t\t\t<\/div>\n\t\t\t\t<\/div>\n\t\t<div class=\"elementor-element elementor-element-48bbe3a e-con-full e-flex elementor-invisible e-con e-child\" data-id=\"48bbe3a\" data-element_type=\"container\" data-e-type=\"container\" data-settings=\"{&quot;background_background&quot;:&quot;classic&quot;,&quot;animation&quot;:&quot;zoomIn&quot;,&quot;animation_delay&quot;:5}\">\n\t\t\t\t<\/div>\n\t\t<div class=\"elementor-element elementor-element-56f008a e-con-full e-flex elementor-invisible e-con e-child\" data-id=\"56f008a\" data-element_type=\"container\" data-e-type=\"container\" data-settings=\"{&quot;background_background&quot;:&quot;classic&quot;,&quot;animation&quot;:&quot;zoomIn&quot;,&quot;animation_delay&quot;:10}\">\n\t\t\t\t<\/div>\n\t\t<div class=\"elementor-element elementor-element-30aadea e-con-full e-flex e-con e-child\" data-id=\"30aadea\" data-element_type=\"container\" data-e-type=\"container\">\n\t\t\t\t<div class=\"elementor-element elementor-element-893fff5 elementor-widget elementor-widget-heading\" data-id=\"893fff5\" data-element_type=\"widget\" data-e-type=\"widget\" data-widget_type=\"heading.default\">\n\t\t\t\t\t<h2 class=\"elementor-heading-title elementor-size-default\">Una estrategia personalizada antes de la creaci\u00f3n de su sitio<\/h2>\t\t\t\t<\/div>\n\t\t\t\t<div class=\"elementor-element elementor-element-d10715e elementor-widget elementor-widget-text-editor\" data-id=\"d10715e\" data-element_type=\"widget\" data-e-type=\"widget\" data-widget_type=\"text-editor.default\">\n\t\t\t\t\t\t\t\t\t<p><span style=\"font-weight: 400;\">Comenzamos definiendo una estrategia alineada con sus objetivos profesionales. Ya sea para optimizar su tr\u00e1fico o su visibilidad en los motores de b\u00fasqueda o para atraer prospectos cualificados, le acompa\u00f1amos para reforzar su notoriedad y aumentar su tasa de conversi\u00f3n. <\/span><\/p>\n<p><span style=\"font-weight: 400;\">Le asesoramos sobre el posicionamiento estrat\u00e9gico de su sitio web e implementamos las mejores palancas de marketing para estimular su crecimiento.&nbsp;<\/span><\/p><p><span style=\"font-weight: 400;\">Tambi\u00e9n aseguramos que su sitio cumpla con las normas RGPD, garantizando la protecci\u00f3n de los datos de sus clientes.<\/span><\/p>\n<p><span style=\"font-weight: 400;\">Nuestra auditor\u00eda incluye el an\u00e1lisis de sus necesidades, la definici\u00f3n de su p\u00fablico objetivo y el estudio de sus productos o servicios para ofrecer una soluci\u00f3n adaptada a su mercado.<\/span><\/p>\t\t\t\t\t\t\t\t<\/div>\n\t\t\t\t<\/div>\n\t\t<div class=\"elementor-element elementor-element-b7da7aa e-con-full e-flex e-con e-child\" data-id=\"b7da7aa\" data-element_type=\"container\" data-e-type=\"container\">\n\t\t\t\t<div class=\"elementor-element elementor-element-7ac7e87 elementor-widget elementor-widget-heading\" data-id=\"7ac7e87\" data-element_type=\"widget\" data-e-type=\"widget\" data-widget_type=\"heading.default\">\n\t\t\t\t\t<h2 class=\"elementor-heading-title elementor-size-default\">Un dise\u00f1o personalizado que valoriza su marca<\/h2>\t\t\t\t<\/div>\n\t\t\t\t<div class=\"elementor-element elementor-element-ae86a6c elementor-widget elementor-widget-text-editor\" data-id=\"ae86a6c\" data-element_type=\"widget\" data-e-type=\"widget\" data-widget_type=\"text-editor.default\">\n\t\t\t\t\t\t\t\t\t<p><span style=\"font-weight: 400;\">Creamos una identidad visual fuerte y coherente, desde la gu\u00eda de estilo hasta el logotipo, para reflejar la esencia de su marca. Ya sea un nuevo sitio o el redise\u00f1o del antiguo, desarrollamos un dise\u00f1o \u00fanico que se adapta a su imagen y objetivos. <\/span><\/p><p><span style=\"font-weight: 400;\">Entendemos la importancia de un sitio responsive, garantizando a sus clientes una experiencia fluida en todos los dispositivos (m\u00f3vil, tableta, ordenador). Incluso para un simple sitio web corporativo, nos esforzamos por dise\u00f1ar una experiencia que cautive y comprometa desde el primer contacto. <\/span><\/p>\t\t\t\t\t\t\t\t<\/div>\n\t\t\t\t<\/div>\n\t\t<div class=\"elementor-element elementor-element-c4528a1 e-con-full e-flex elementor-invisible e-con e-child\" data-id=\"c4528a1\" data-element_type=\"container\" data-e-type=\"container\" data-settings=\"{&quot;background_background&quot;:&quot;classic&quot;,&quot;animation&quot;:&quot;zoomIn&quot;,&quot;animation_delay&quot;:15}\">\n\t\t\t\t<\/div>\n\t\t<div class=\"elementor-element elementor-element-6878e87 e-con-full e-flex elementor-invisible e-con e-child\" data-id=\"6878e87\" data-element_type=\"container\" data-e-type=\"container\" data-settings=\"{&quot;background_background&quot;:&quot;classic&quot;,&quot;animation&quot;:&quot;zoomIn&quot;,&quot;animation_delay&quot;:20}\">\n\t\t\t\t<\/div>\n\t\t<div class=\"elementor-element elementor-element-42995d8 e-con-full e-flex e-con e-child\" data-id=\"42995d8\" data-element_type=\"container\" data-e-type=\"container\">\n\t\t\t\t<div class=\"elementor-element elementor-element-c7afbee elementor-widget elementor-widget-heading\" data-id=\"c7afbee\" data-element_type=\"widget\" data-e-type=\"widget\" data-widget_type=\"heading.default\">\n\t\t\t\t\t<h2 class=\"elementor-heading-title elementor-size-default\">Optimizaci\u00f3n de la experiencia de usuario (UX Design)<\/h2>\t\t\t\t<\/div>\n\t\t\t\t<div class=\"elementor-element elementor-element-a64cf24 elementor-widget elementor-widget-text-editor\" data-id=\"a64cf24\" data-element_type=\"widget\" data-e-type=\"widget\" data-widget_type=\"text-editor.default\">\n\t\t\t\t\t\t\t\t\t<p><span style=\"font-weight: 400;\">Para que su sitio se convierta en un verdadero activo, debe ofrecer a sus visitantes una experiencia fluida y atractiva con un dise\u00f1o UX pensado para el usuario. El sitio debe ser ergon\u00f3mico, intuitivo y dise\u00f1ado para captar la atenci\u00f3n desde el primer clic. <\/span><\/p><p><span style=\"font-weight: 400;\">Nos aseguramos de que la navegaci\u00f3n sea simple y agradable y que la carga de las p\u00e1ginas sea r\u00e1pida, para inspirar confianza y fidelizar a sus clientes.<\/span><\/p><p><span style=\"font-weight: 400;\">Adaptamos cada proyecto a las necesidades espec\u00edficas de su audiencia, prolongando el tiempo de permanencia en su sitio y potenciando as\u00ed su posicionamiento natural (SEO). Tras un estudio atento de sus expectativas, creamos un sitio que se parece a usted y respetamos sus plazos para que su proyecto cobre vida en las mejores condiciones. <\/span><\/p>\t\t\t\t\t\t\t\t<\/div>\n\t\t\t\t<\/div>\n\t\t\t\t<\/div>\n\t\t<div class=\"elementor-element elementor-element-567711f9 e-con-full e-flex e-con e-parent\" data-id=\"567711f9\" data-element_type=\"container\" data-e-type=\"container\">\n\t\t<div class=\"elementor-element elementor-element-5558c62b e-flex e-con-boxed e-con e-child\" data-id=\"5558c62b\" data-element_type=\"container\" data-e-type=\"container\">\n\t\t\t\t\t<div class=\"e-con-inner\">\n\t\t\t\t<div class=\"elementor-element elementor-element-552ca14e elementor-widget elementor-widget-heading\" data-id=\"552ca14e\" data-element_type=\"widget\" data-e-type=\"widget\" data-widget_type=\"heading.default\">\n\t\t\t\t\t<h2 class=\"elementor-heading-title elementor-size-default\">Nuestros servicios adicionales<\/h2>\t\t\t\t<\/div>\n\t\t\t\t\t<\/div>\n\t\t\t\t<\/div>\n\t\t\t\t<\/div>\n\t\t<div class=\"elementor-element elementor-element-8ffbfb0 e-con-full e-flex e-con e-parent\" data-id=\"8ffbfb0\" data-element_type=\"container\" data-e-type=\"container\">\n\t\t<div class=\"elementor-element elementor-element-179f088 e-con-full e-flex e-con e-child\" data-id=\"179f088\" data-element_type=\"container\" data-e-type=\"container\">\n\t\t\t\t<div class=\"elementor-element elementor-element-7011c752 elementor-widget__width-initial elementor-widget-mobile__width-inherit elementor-vertical-align-top elementor-widget elementor-widget-image-box\" data-id=\"7011c752\" data-element_type=\"widget\" data-e-type=\"widget\" data-widget_type=\"image-box.default\">\n\t\t\t\t\t<div class=\"elementor-image-box-wrapper\"><figure class=\"elementor-image-box-img\"><a href=\"#\" tabindex=\"-1\"><img fetchpriority=\"high\" decoding=\"async\" width=\"1792\" height=\"1024\" src=\"https:\/\/mg-web.fr\/wp-content\/uploads\/2025\/02\/Accompagnement-personnalise.webp\" class=\"elementor-animation-wobble-vertical attachment-full size-full wp-image-15574\" alt=\"\" srcset=\"https:\/\/mg-web.fr\/wp-content\/uploads\/2025\/02\/Accompagnement-personnalise.webp 1792w, https:\/\/mg-web.fr\/wp-content\/uploads\/2025\/02\/Accompagnement-personnalise-300x171.webp 300w, https:\/\/mg-web.fr\/wp-content\/uploads\/2025\/02\/Accompagnement-personnalise-1024x585.webp 1024w, https:\/\/mg-web.fr\/wp-content\/uploads\/2025\/02\/Accompagnement-personnalise-768x439.webp 768w, https:\/\/mg-web.fr\/wp-content\/uploads\/2025\/02\/Accompagnement-personnalise-1536x878.webp 1536w\" sizes=\"(max-width: 1792px) 100vw, 1792px\" \/><\/a><\/figure><div class=\"elementor-image-box-content\"><h4 class=\"elementor-image-box-title\"><a href=\"#\">Acompa\u00f1amiento personalizado<\/a><\/h4><p class=\"elementor-image-box-description\">Conf\u00ede la gesti\u00f3n de su sitio web a MG WEB para una tranquilidad total. <br><br>Desde el mantenimiento hasta las actualizaciones regulares, pasando por el alojamiento seguro, nos aseguramos de que su sitio permanezca eficiente, protegido y siempre actualizado. <br><br>Conc\u00e9ntrese en su actividad, nosotros nos ocupamos del resto.<\/p><\/div><\/div>\t\t\t\t<\/div>\n\t\t\t\t<div class=\"elementor-element elementor-element-8901c57 elementor-widget elementor-widget-button\" data-id=\"8901c57\" data-element_type=\"widget\" data-e-type=\"widget\" data-widget_type=\"button.default\">\n\t\t\t\t\t\t\t\t\t\t<a class=\"elementor-button elementor-button-link elementor-size-sm\" href=\"https:\/\/mg-web.fr\/es\/contacte-con-nosotros\/\">\n\t\t\t\t\t\t<span class=\"elementor-button-content-wrapper\">\n\t\t\t\t\t\t\t\t\t<span class=\"elementor-button-text\">Contacte con nosotros<\/span>\n\t\t\t\t\t<\/span>\n\t\t\t\t\t<\/a>\n\t\t\t\t\t\t\t\t<\/div>\n\t\t\t\t<\/div>\n\t\t<div class=\"elementor-element elementor-element-7b0c1f2 e-con-full e-flex e-con e-child\" data-id=\"7b0c1f2\" data-element_type=\"container\" data-e-type=\"container\">\n\t\t\t\t<div class=\"elementor-element elementor-element-213d867c elementor-widget__width-initial elementor-widget-mobile__width-inherit elementor-vertical-align-top elementor-widget elementor-widget-image-box\" data-id=\"213d867c\" data-element_type=\"widget\" data-e-type=\"widget\" data-widget_type=\"image-box.default\">\n\t\t\t\t\t<div class=\"elementor-image-box-wrapper\"><figure class=\"elementor-image-box-img\"><a href=\"#\" tabindex=\"-1\"><img decoding=\"async\" width=\"1792\" height=\"1024\" src=\"https:\/\/mg-web.fr\/wp-content\/uploads\/2025\/02\/Sites-pour-micro-entreprise.webp\" class=\"elementor-animation-wobble-vertical attachment-full size-full wp-image-15578\" alt=\"\" srcset=\"https:\/\/mg-web.fr\/wp-content\/uploads\/2025\/02\/Sites-pour-micro-entreprise.webp 1792w, https:\/\/mg-web.fr\/wp-content\/uploads\/2025\/02\/Sites-pour-micro-entreprise-300x171.webp 300w, https:\/\/mg-web.fr\/wp-content\/uploads\/2025\/02\/Sites-pour-micro-entreprise-1024x585.webp 1024w, https:\/\/mg-web.fr\/wp-content\/uploads\/2025\/02\/Sites-pour-micro-entreprise-768x439.webp 768w, https:\/\/mg-web.fr\/wp-content\/uploads\/2025\/02\/Sites-pour-micro-entreprise-1536x878.webp 1536w\" sizes=\"(max-width: 1792px) 100vw, 1792px\" \/><\/a><\/figure><div class=\"elementor-image-box-content\"><h4 class=\"elementor-image-box-title\"><a href=\"#\">Sitios para microempresas<\/a><\/h4><p class=\"elementor-image-box-description\">\u00bfEs usted microempresario y necesita un sitio web profesional, simple y eficaz? <br><br>Le proponemos soluciones a medida, adaptadas a su presupuesto y necesidades, para ayudarle a ganar visibilidad y atraer a sus primeros clientes en l\u00ednea.<\/p><\/div><\/div>\t\t\t\t<\/div>\n\t\t\t\t<div class=\"elementor-element elementor-element-2f6c990 elementor-widget elementor-widget-button\" data-id=\"2f6c990\" data-element_type=\"widget\" data-e-type=\"widget\" data-widget_type=\"button.default\">\n\t\t\t\t\t\t\t\t\t\t<a class=\"elementor-button elementor-button-link elementor-size-sm\" href=\"https:\/\/mg-web.fr\/es\/contacte-con-nosotros\/\">\n\t\t\t\t\t\t<span class=\"elementor-button-content-wrapper\">\n\t\t\t\t\t\t\t\t\t<span class=\"elementor-button-text\">Contacte con nosotros<\/span>\n\t\t\t\t\t<\/span>\n\t\t\t\t\t<\/a>\n\t\t\t\t\t\t\t\t<\/div>\n\t\t\t\t<\/div>\n\t\t<div class=\"elementor-element elementor-element-2e3a446 e-con-full e-flex e-con e-child\" data-id=\"2e3a446\" data-element_type=\"container\" data-e-type=\"container\">\n\t\t\t\t<div class=\"elementor-element elementor-element-2cd73357 elementor-widget__width-initial elementor-widget-mobile__width-inherit elementor-vertical-align-top elementor-widget elementor-widget-image-box\" data-id=\"2cd73357\" data-element_type=\"widget\" data-e-type=\"widget\" data-widget_type=\"image-box.default\">\n\t\t\t\t\t<div class=\"elementor-image-box-wrapper\"><figure class=\"elementor-image-box-img\"><a href=\"#\" tabindex=\"-1\"><img decoding=\"async\" width=\"1792\" height=\"1024\" src=\"https:\/\/mg-web.fr\/wp-content\/uploads\/2025\/02\/Pages-datterrissage.webp\" class=\"elementor-animation-wobble-vertical attachment-full size-full wp-image-15576\" alt=\"\" srcset=\"https:\/\/mg-web.fr\/wp-content\/uploads\/2025\/02\/Pages-datterrissage.webp 1792w, https:\/\/mg-web.fr\/wp-content\/uploads\/2025\/02\/Pages-datterrissage-300x171.webp 300w, https:\/\/mg-web.fr\/wp-content\/uploads\/2025\/02\/Pages-datterrissage-1024x585.webp 1024w, https:\/\/mg-web.fr\/wp-content\/uploads\/2025\/02\/Pages-datterrissage-768x439.webp 768w, https:\/\/mg-web.fr\/wp-content\/uploads\/2025\/02\/Pages-datterrissage-1536x878.webp 1536w\" sizes=\"(max-width: 1792px) 100vw, 1792px\" \/><\/a><\/figure><div class=\"elementor-image-box-content\"><h4 class=\"elementor-image-box-title\"><a href=\"#\">P\u00e1ginas de aterrizaje<\/a><\/h4><p class=\"elementor-image-box-description\">Ya sea microempresario, una PYME o una gran empresa, una p\u00e1gina de aterrizaje bien optimizada es un activo clave para convertir visitantes en clientes. <br><br>Creamos landing pages a medida, dise\u00f1adas para atraer la atenci\u00f3n, generar leads y mejorar su tasa de conversi\u00f3n.<\/p><\/div><\/div>\t\t\t\t<\/div>\n\t\t\t\t<div class=\"elementor-element elementor-element-c713ca7 elementor-widget elementor-widget-button\" data-id=\"c713ca7\" data-element_type=\"widget\" data-e-type=\"widget\" data-widget_type=\"button.default\">\n\t\t\t\t\t\t\t\t\t\t<a class=\"elementor-button elementor-button-link elementor-size-sm\" href=\"https:\/\/mg-web.fr\/es\/contacte-con-nosotros\/\">\n\t\t\t\t\t\t<span class=\"elementor-button-content-wrapper\">\n\t\t\t\t\t\t\t\t\t<span class=\"elementor-button-text\">Contacte con nosotros<\/span>\n\t\t\t\t\t<\/span>\n\t\t\t\t\t<\/a>\n\t\t\t\t\t\t\t\t<\/div>\n\t\t\t\t<\/div>\n\t\t\t\t<\/div>\n\t\t\t\t<\/div>\n\t\t","protected":false},"excerpt":{"rendered":"<p>Haga realidad el sitio web de sus sue\u00f1os con nuestro equipo de expertos<\/p>\n","protected":false},"author":1,"featured_media":15560,"parent":0,"menu_order":0,"comment_status":"closed","ping_status":"closed","template":"","meta":{"footnotes":""},"class_list":["post-16030","page","type-page","status-publish","has-post-thumbnail","hentry"],"_links":{"self":[{"href":"https:\/\/mg-web.fr\/es\/wp-json\/wp\/v2\/pages\/16030","targetHints":{"allow":["GET"]}}],"collection":[{"href":"https:\/\/mg-web.fr\/es\/wp-json\/wp\/v2\/pages"}],"about":[{"href":"https:\/\/mg-web.fr\/es\/wp-json\/wp\/v2\/types\/page"}],"author":[{"embeddable":true,"href":"https:\/\/mg-web.fr\/es\/wp-json\/wp\/v2\/users\/1"}],"replies":[{"embeddable":true,"href":"https:\/\/mg-web.fr\/es\/wp-json\/wp\/v2\/comments?post=16030"}],"version-history":[{"count":2,"href":"https:\/\/mg-web.fr\/es\/wp-json\/wp\/v2\/pages\/16030\/revisions"}],"predecessor-version":[{"id":16331,"href":"https:\/\/mg-web.fr\/es\/wp-json\/wp\/v2\/pages\/16030\/revisions\/16331"}],"wp:featuredmedia":[{"embeddable":true,"href":"https:\/\/mg-web.fr\/es\/wp-json\/wp\/v2\/media\/15560"}],"wp:attachment":[{"href":"https:\/\/mg-web.fr\/es\/wp-json\/wp\/v2\/media?parent=16030"}],"curies":[{"name":"wp","href":"https:\/\/api.w.org\/{rel}","templated":true}]}}