{"id":16032,"date":"2024-11-28T13:13:36","date_gmt":"2024-11-28T13:13:36","guid":{"rendered":"https:\/\/mg-web.fr\/marketing-por-correo-electronico\/"},"modified":"2025-10-28T15:09:15","modified_gmt":"2025-10-28T15:09:15","slug":"marketing-por-correo-electronico","status":"publish","type":"page","link":"https:\/\/mg-web.fr\/es\/marketing-por-correo-electronico\/","title":{"rendered":"Marketing por correo electr\u00f3nico"},"content":{"rendered":"\t\t<div data-elementor-type=\"wp-page\" data-elementor-id=\"16032\" class=\"elementor elementor-16032 elementor-161\" data-elementor-post-type=\"page\">\n\t\t\t\t<div class=\"elementor-element elementor-element-7b2e7a9 e-con-full e-flex e-con e-parent\" data-id=\"7b2e7a9\" data-element_type=\"container\" data-e-type=\"container\">\n\t\t<div class=\"elementor-element elementor-element-317af3f e-con-full e-flex e-con e-child\" data-id=\"317af3f\" data-element_type=\"container\" data-e-type=\"container\" data-settings=\"{&quot;background_background&quot;:&quot;classic&quot;}\">\n\t\t\t\t<div class=\"elementor-element elementor-element-e9d57e6 elementor-widget elementor-widget-heading\" data-id=\"e9d57e6\" data-element_type=\"widget\" data-e-type=\"widget\" data-widget_type=\"heading.default\">\n\t\t\t\t\t<p class=\"elementor-heading-title elementor-size-default\">Una campa\u00f1a bien pensada no se limita a un simple env\u00edo: \ninvolucra, fideliza y convierte.<\/p>\t\t\t\t<\/div>\n\t\t\t\t<\/div>\n\t\t<div class=\"elementor-element elementor-element-a50df74 e-con-full e-flex elementor-invisible e-con e-child\" data-id=\"a50df74\" data-element_type=\"container\" data-e-type=\"container\" data-settings=\"{&quot;background_background&quot;:&quot;video&quot;,&quot;background_video_link&quot;:&quot;\\\/wp-content\\\/uploads\\\/2025\\\/03\\\/email-marketing.mp4&quot;,&quot;animation&quot;:&quot;zoomIn&quot;,&quot;animation_delay&quot;:4}\">\n\t\t<div class=\"elementor-background-video-container elementor-hidden-mobile\">\n\t\t\t\t\t\t\t<video class=\"elementor-background-video-hosted\" role=\"presentation\" autoplay muted playsinline loop><\/video>\n\t\t\t\t\t<\/div>\t\t<\/div>\n\t\t<div class=\"elementor-element elementor-element-42dfa21 e-con-full e-flex e-con e-child\" data-id=\"42dfa21\" data-element_type=\"container\" data-e-type=\"container\">\n\t\t\t\t<div class=\"elementor-element elementor-element-f5d55a2 elementor-widget elementor-widget-heading\" data-id=\"f5d55a2\" data-element_type=\"widget\" data-e-type=\"widget\" data-widget_type=\"heading.default\">\n\t\t\t\t\t<h2 class=\"elementor-heading-title elementor-size-default\">Un enfoque personalizado adaptado a sus objetivos<\/h2>\t\t\t\t<\/div>\n\t\t\t\t<div class=\"elementor-element elementor-element-2ead193 elementor-widget elementor-widget-text-editor\" data-id=\"2ead193\" data-element_type=\"widget\" data-e-type=\"widget\" data-widget_type=\"text-editor.default\">\n\t\t\t\t\t\t\t\t\t<p><span style=\"font-weight: 400;\">Su bandeja de entrada est\u00e1 saturada, y la de sus clientes tambi\u00e9n. Entonces, \u00bfc\u00f3mo destacar y enviar correos electr\u00f3nicos que capten la atenci\u00f3n e inciten a la acci\u00f3n?  <\/span><\/p><p><span style=\"font-weight: 400;\">Cada audiencia es \u00fanica y sus correos electr\u00f3nicos deben serlo tambi\u00e9n. En funci\u00f3n de sus necesidades, definimos el mensaje adecuado, la frecuencia ideal y un tono apropiado para que cada env\u00edo sea pertinente y eficaz. Ya sea para informar, relanzar o vender, nuestras campa\u00f1as se integran naturalmente en su estrategia digital  <\/span><\/p>\t\t\t\t\t\t\t\t<\/div>\n\t\t\t\t<\/div>\n\t\t<div class=\"elementor-element elementor-element-19b5238 e-con-full e-flex e-con e-child\" data-id=\"19b5238\" data-element_type=\"container\" data-e-type=\"container\">\n\t\t\t\t<div class=\"elementor-element elementor-element-cf04bdf elementor-widget elementor-widget-heading\" data-id=\"cf04bdf\" data-element_type=\"widget\" data-e-type=\"widget\" data-widget_type=\"heading.default\">\n\t\t\t\t\t<h2 class=\"elementor-heading-title elementor-size-default\">Una gesti\u00f3n completa para ganar en eficacia<\/h2>\t\t\t\t<\/div>\n\t\t\t\t<div class=\"elementor-element elementor-element-a11574e elementor-widget elementor-widget-text-editor\" data-id=\"a11574e\" data-element_type=\"widget\" data-e-type=\"widget\" data-widget_type=\"text-editor.default\">\n\t\t\t\t\t\t\t\t\t<p><span style=\"font-weight: 400;\">Redacci\u00f3n, dise\u00f1o, segmentaci\u00f3n, automatizaci\u00f3n\u2026 <\/span><\/p><p><span style=\"font-weight: 400;\">Todo est\u00e1 gestionado para que sus correos electr\u00f3nicos tengan un impacto real. Las campa\u00f1as est\u00e1n dise\u00f1adas para integrarse con las herramientas que ya utiliza, como HubSpot, Brevo o Mailchimp&#8230; <\/span><\/p><p><span style=\"font-weight: 400;\">El objetivo: permitirle mantenerse concentrado en su actividad mientras aprovecha un marketing por correo electr\u00f3nico eficaz y sin esfuerzo.<\/span><\/p>\t\t\t\t\t\t\t\t<\/div>\n\t\t\t\t<\/div>\n\t\t<div class=\"elementor-element elementor-element-58ef426 e-con-full e-flex elementor-invisible e-con e-child\" data-id=\"58ef426\" data-element_type=\"container\" data-e-type=\"container\" data-settings=\"{&quot;background_background&quot;:&quot;classic&quot;,&quot;animation&quot;:&quot;zoomIn&quot;,&quot;animation_delay&quot;:10}\">\n\t\t\t\t<\/div>\n\t\t<div class=\"elementor-element elementor-element-0f5045e e-con-full e-flex elementor-invisible e-con e-child\" data-id=\"0f5045e\" data-element_type=\"container\" data-e-type=\"container\" data-settings=\"{&quot;background_background&quot;:&quot;classic&quot;,&quot;animation&quot;:&quot;zoomIn&quot;,&quot;animation_delay&quot;:15}\">\n\t\t\t\t<\/div>\n\t\t<div class=\"elementor-element elementor-element-5110000 e-con-full e-flex e-con e-child\" data-id=\"5110000\" data-element_type=\"container\" data-e-type=\"container\">\n\t\t\t\t<div class=\"elementor-element elementor-element-51687c1 elementor-widget elementor-widget-heading\" data-id=\"51687c1\" data-element_type=\"widget\" data-e-type=\"widget\" data-widget_type=\"heading.default\">\n\t\t\t\t\t<h2 class=\"elementor-heading-title elementor-size-default\">Un seguimiento preciso para mejorar su rendimiento<\/h2>\t\t\t\t<\/div>\n\t\t\t\t<div class=\"elementor-element elementor-element-fca987f elementor-widget elementor-widget-text-editor\" data-id=\"fca987f\" data-element_type=\"widget\" data-e-type=\"widget\" data-widget_type=\"text-editor.default\">\n\t\t\t\t\t\t\t\t\t<p><span style=\"font-weight: 400;\">La eficacia de una campa\u00f1a no se detiene en el env\u00edo. Tasa de apertura, de clics, conversiones\u2026  <\/span><\/p><p><span style=\"font-weight: 400;\">Cada dato se analiza para comprender qu\u00e9 funciona y ajustar las futuras campa\u00f1as. <\/span><\/p><p><span style=\"font-weight: 400;\">Con un enfoque basado en la optimizaci\u00f3n continua, cada correo electr\u00f3nico se convierte en una oportunidad de reforzar su presencia y alcanzar sus objetivos.<\/span><\/p>\t\t\t\t\t\t\t\t<\/div>\n\t\t\t\t<\/div>\n\t\t\t\t<\/div>\n\t\t\t\t<\/div>\n\t\t","protected":false},"excerpt":{"rendered":"<p>Cree una relaci\u00f3n duradera con sus clientes<\/p>\n","protected":false},"author":1,"featured_media":15614,"parent":0,"menu_order":0,"comment_status":"closed","ping_status":"closed","template":"","meta":{"footnotes":""},"class_list":["post-16032","page","type-page","status-publish","has-post-thumbnail","hentry"],"_links":{"self":[{"href":"https:\/\/mg-web.fr\/es\/wp-json\/wp\/v2\/pages\/16032","targetHints":{"allow":["GET"]}}],"collection":[{"href":"https:\/\/mg-web.fr\/es\/wp-json\/wp\/v2\/pages"}],"about":[{"href":"https:\/\/mg-web.fr\/es\/wp-json\/wp\/v2\/types\/page"}],"author":[{"embeddable":true,"href":"https:\/\/mg-web.fr\/es\/wp-json\/wp\/v2\/users\/1"}],"replies":[{"embeddable":true,"href":"https:\/\/mg-web.fr\/es\/wp-json\/wp\/v2\/comments?post=16032"}],"version-history":[{"count":1,"href":"https:\/\/mg-web.fr\/es\/wp-json\/wp\/v2\/pages\/16032\/revisions"}],"predecessor-version":[{"id":16033,"href":"https:\/\/mg-web.fr\/es\/wp-json\/wp\/v2\/pages\/16032\/revisions\/16033"}],"wp:featuredmedia":[{"embeddable":true,"href":"https:\/\/mg-web.fr\/es\/wp-json\/wp\/v2\/media\/15614"}],"wp:attachment":[{"href":"https:\/\/mg-web.fr\/es\/wp-json\/wp\/v2\/media?parent=16032"}],"curies":[{"name":"wp","href":"https:\/\/api.w.org\/{rel}","templated":true}]}}