{"id":16034,"date":"2025-01-16T08:50:50","date_gmt":"2025-01-16T08:50:50","guid":{"rendered":"https:\/\/mg-web.fr\/auditoria-web-gratuita\/"},"modified":"2025-10-28T15:09:15","modified_gmt":"2025-10-28T15:09:15","slug":"auditoria-web-gratuita","status":"publish","type":"page","link":"https:\/\/mg-web.fr\/es\/auditoria-web-gratuita\/","title":{"rendered":"Auditor\u00eda web gratuita"},"content":{"rendered":"\t\t<div data-elementor-type=\"wp-page\" data-elementor-id=\"16034\" class=\"elementor elementor-16034 elementor-375\" data-elementor-post-type=\"page\">\n\t\t\t\t<div class=\"elementor-element elementor-element-d832a46 e-con-full e-flex e-con e-parent\" data-id=\"d832a46\" data-element_type=\"container\" data-e-type=\"container\" data-settings=\"{&quot;background_background&quot;:&quot;classic&quot;}\">\n\t\t\t\t<div class=\"elementor-element elementor-element-4dca63c elementor-widget elementor-widget-heading\" data-id=\"4dca63c\" data-element_type=\"widget\" data-e-type=\"widget\" data-widget_type=\"heading.default\">\n\t\t\t\t\t<p class=\"elementor-heading-title elementor-size-default\">\u00bfDesea entender por qu\u00e9 su sitio web no atrae suficientes visitantes o c\u00f3mo superar a su competencia? <\/p>\t\t\t\t<\/div>\n\t\t\t\t<\/div>\n\t\t<div class=\"elementor-element elementor-element-95f5377 e-con-full e-flex e-con e-parent\" data-id=\"95f5377\" data-element_type=\"container\" data-e-type=\"container\">\n\t\t<div class=\"elementor-element elementor-element-450af3f e-con-full e-flex e-con e-child\" data-id=\"450af3f\" data-element_type=\"container\" data-e-type=\"container\">\n\t\t\t\t<div class=\"elementor-element elementor-element-df902e9 elementor-widget elementor-widget-text-editor\" data-id=\"df902e9\" data-element_type=\"widget\" data-e-type=\"widget\" data-widget_type=\"text-editor.default\">\n\t\t\t\t\t\t\t\t\t<p><strong>Le ofrecemos una auditor\u00eda SEO gratuita, dise\u00f1ada para analizar su p\u00e1gina de inicio e identificar oportunidades concretas de mejora.<\/strong><\/p><h3>Descubra su posicionamiento y <br>sus oportunidades de crecimiento<\/h3><p>Nuestra auditor\u00eda SEO gratuita le proporciona un an\u00e1lisis claro y detallado de la p\u00e1gina principal de su sitio web. Evaluamos su rendimiento actual en los motores de b\u00fasqueda y comparamos su clasificaci\u00f3n con la de su competencia. Obtendr\u00e1 recomendaciones personalizadas para:  <\/p><ul><li>Identificar los obst\u00e1culos que limitan su visibilidad y conversiones.<\/li><li>Optimizar el contenido y las palabras clave de su p\u00e1gina de inicio para mejorar su competitividad.<\/li><\/ul><h3>Mejore el rendimiento global de su sitio<\/h3><p>Un sitio eficiente comienza con una p\u00e1gina de inicio optimizada. Con nuestra auditor\u00eda gratuita, descubrir\u00e1 los puntos fuertes de esta p\u00e1gina, las \u00e1reas de mejora y las mejores pr\u00e1cticas para maximizar su impacto en los visitantes y fortalecer su presencia digital. <\/p><h3>Realice un seguimiento de su progreso a largo plazo<\/h3><p>M\u00e1s all\u00e1 de la auditor\u00eda inicial, le ofrecemos herramientas de seguimiento para medir el impacto de las optimizaciones implementadas. Gracias a informes detallados y un panel de control intuitivo, podr\u00e1 seguir f\u00e1cilmente su progreso y ajustar sus acciones para mantener una ventaja competitiva. <\/p>\t\t\t\t\t\t\t\t<\/div>\n\t\t\t\t<div class=\"elementor-element elementor-element-55ac253 elementor-widget elementor-widget-button\" data-id=\"55ac253\" data-element_type=\"widget\" data-e-type=\"widget\" data-widget_type=\"button.default\">\n\t\t\t\t\t\t\t\t\t\t<a class=\"elementor-button elementor-button-link elementor-size-sm\" href=\"https:\/\/mg-web.fr\/es\/contacte-con-nosotros\/\">\n\t\t\t\t\t\t<span class=\"elementor-button-content-wrapper\">\n\t\t\t\t\t\t\t\t\t<span class=\"elementor-button-text\">Cont\u00e1ctenos<\/span>\n\t\t\t\t\t<\/span>\n\t\t\t\t\t<\/a>\n\t\t\t\t\t\t\t\t<\/div>\n\t\t\t\t<\/div>\n\t\t<div class=\"elementor-element elementor-element-20d467e e-con-full e-flex e-con e-child\" data-id=\"20d467e\" data-element_type=\"container\" data-e-type=\"container\" data-settings=\"{&quot;background_background&quot;:&quot;classic&quot;}\">\n\t\t\t\t<div class=\"elementor-element elementor-element-17dc391 elementor-widget elementor-widget-html\" data-id=\"17dc391\" data-element_type=\"widget\" data-e-type=\"widget\" data-widget_type=\"html.default\">\n\t\t\t\t\t<script defer src=\"https:\/\/online.seranking.com\/frontend-dist\/widget-manager\/main.js\"><\/script><script defer src=\"https:\/\/online.seranking.com\/frontend-dist\/Widgets\/js\/main.js\" data-widget-type=\"form\"  data-widget-page-audit-id=\"1337170-1165\"><\/script>\t\t\t\t<\/div>\n\t\t\t\t<\/div>\n\t\t\t\t<\/div>\n\t\t\t\t<\/div>\n\t\t","protected":false},"excerpt":{"rendered":"<p>Optimice su visibilidad en l\u00ednea<\/p>\n","protected":false},"author":1,"featured_media":15438,"parent":0,"menu_order":0,"comment_status":"closed","ping_status":"closed","template":"","meta":{"footnotes":""},"class_list":["post-16034","page","type-page","status-publish","has-post-thumbnail","hentry"],"_links":{"self":[{"href":"https:\/\/mg-web.fr\/es\/wp-json\/wp\/v2\/pages\/16034","targetHints":{"allow":["GET"]}}],"collection":[{"href":"https:\/\/mg-web.fr\/es\/wp-json\/wp\/v2\/pages"}],"about":[{"href":"https:\/\/mg-web.fr\/es\/wp-json\/wp\/v2\/types\/page"}],"author":[{"embeddable":true,"href":"https:\/\/mg-web.fr\/es\/wp-json\/wp\/v2\/users\/1"}],"replies":[{"embeddable":true,"href":"https:\/\/mg-web.fr\/es\/wp-json\/wp\/v2\/comments?post=16034"}],"version-history":[{"count":1,"href":"https:\/\/mg-web.fr\/es\/wp-json\/wp\/v2\/pages\/16034\/revisions"}],"predecessor-version":[{"id":16035,"href":"https:\/\/mg-web.fr\/es\/wp-json\/wp\/v2\/pages\/16034\/revisions\/16035"}],"wp:featuredmedia":[{"embeddable":true,"href":"https:\/\/mg-web.fr\/es\/wp-json\/wp\/v2\/media\/15438"}],"wp:attachment":[{"href":"https:\/\/mg-web.fr\/es\/wp-json\/wp\/v2\/media?parent=16034"}],"curies":[{"name":"wp","href":"https:\/\/api.w.org\/{rel}","templated":true}]}}