{"id":16036,"date":"2025-01-21T14:49:25","date_gmt":"2025-01-21T14:49:25","guid":{"rendered":"https:\/\/mg-web.fr\/marketing-de-contenidos-y-redes-sociales-2\/"},"modified":"2025-10-28T15:09:15","modified_gmt":"2025-10-28T15:09:15","slug":"marketing-de-contenidos-y-redes-sociales-2","status":"publish","type":"page","link":"https:\/\/mg-web.fr\/es\/marketing-de-contenidos-y-redes-sociales-2\/","title":{"rendered":"Marketing de contenidos y redes sociales"},"content":{"rendered":"\t\t<div data-elementor-type=\"wp-page\" data-elementor-id=\"16036\" class=\"elementor elementor-16036 elementor-506\" data-elementor-post-type=\"page\">\n\t\t\t\t<div class=\"elementor-element elementor-element-655294d e-con-full e-flex e-con e-parent\" data-id=\"655294d\" data-element_type=\"container\" data-e-type=\"container\">\n\t\t<div class=\"elementor-element elementor-element-31881b7 e-con-full e-flex e-con e-child\" data-id=\"31881b7\" data-element_type=\"container\" data-e-type=\"container\" data-settings=\"{&quot;background_background&quot;:&quot;classic&quot;}\">\n\t\t\t\t<div class=\"elementor-element elementor-element-de149cf elementor-widget elementor-widget-heading\" data-id=\"de149cf\" data-element_type=\"widget\" data-e-type=\"widget\" data-widget_type=\"heading.default\">\n\t\t\t\t\t<p class=\"elementor-heading-title elementor-size-default\">Creaci\u00f3n de estrategias de contenido personalizadas para captar la atenci\u00f3n de sus clientes y fortalecer la relaci\u00f3n con su audiencia<\/p>\t\t\t\t<\/div>\n\t\t\t\t<\/div>\n\t\t<div class=\"elementor-element elementor-element-db605b2 e-con-full e-flex elementor-invisible e-con e-child\" data-id=\"db605b2\" data-element_type=\"container\" data-e-type=\"container\" data-settings=\"{&quot;background_background&quot;:&quot;video&quot;,&quot;background_video_link&quot;:&quot;\\\/wp-content\\\/uploads\\\/2025\\\/03\\\/marketing-de-contenu.mp4&quot;,&quot;animation&quot;:&quot;zoomIn&quot;,&quot;animation_delay&quot;:3}\">\n\t\t<div class=\"elementor-background-video-container elementor-hidden-mobile\">\n\t\t\t\t\t\t\t<video class=\"elementor-background-video-hosted\" role=\"presentation\" autoplay muted playsinline loop><\/video>\n\t\t\t\t\t<\/div>\t\t<\/div>\n\t\t<div class=\"elementor-element elementor-element-f1f36fe e-con-full e-flex e-con e-child\" data-id=\"f1f36fe\" data-element_type=\"container\" data-e-type=\"container\">\n\t\t\t\t<div class=\"elementor-element elementor-element-26b8021 elementor-widget elementor-widget-heading\" data-id=\"26b8021\" data-element_type=\"widget\" data-e-type=\"widget\" data-widget_type=\"heading.default\">\n\t\t\t\t\t<h2 class=\"elementor-heading-title elementor-size-default\">Aumente su visibilidad con nuestras estrategias de contenido personalizadas<\/h2>\t\t\t\t<\/div>\n\t\t\t\t<div class=\"elementor-element elementor-element-f83b185 elementor-widget elementor-widget-text-editor\" data-id=\"f83b185\" data-element_type=\"widget\" data-e-type=\"widget\" data-widget_type=\"text-editor.default\">\n\t\t\t\t\t\t\t\t\t<p><span style=\"font-weight: 400;\">Nuestro equipo, experto en digital y apasionado por los contenidos en franc\u00e9s o multiling\u00fces, combina storytelling, creatividad y rendimiento para cumplir sus objetivos de marketing: generaci\u00f3n de leads, tr\u00e1fico y ventas.<\/span><\/p>\t\t\t\t\t\t\t\t<\/div>\n\t\t\t\t<\/div>\n\t\t<div class=\"elementor-element elementor-element-309865d e-con-full e-flex e-con e-child\" data-id=\"309865d\" data-element_type=\"container\" data-e-type=\"container\">\n\t\t\t\t<div class=\"elementor-element elementor-element-e6136c5 elementor-widget elementor-widget-heading\" data-id=\"e6136c5\" data-element_type=\"widget\" data-e-type=\"widget\" data-widget_type=\"heading.default\">\n\t\t\t\t\t<h2 class=\"elementor-heading-title elementor-size-default\">Creaci\u00f3n de contenido: cautive y comprometa a sus clientes<\/h2>\t\t\t\t<\/div>\n\t\t\t\t<div class=\"elementor-element elementor-element-7215154 elementor-widget elementor-widget-text-editor\" data-id=\"7215154\" data-element_type=\"widget\" data-e-type=\"widget\" data-widget_type=\"text-editor.default\">\n\t\t\t\t\t\t\t\t\t<p><span style=\"font-weight: 400;\">Ideamos contenidos impactantes y relevantes, adaptados a todos los ecosistemas digitales. <\/span><\/p><p><span style=\"font-weight: 400;\">Ya sea para un sitio corporativo, una p\u00e1gina de producto o publicaciones en redes sociales, cada contenido est\u00e1 dise\u00f1ado para ser \u00abuser friendly\u00bb y crear una conexi\u00f3n duradera con su p\u00fablico. <\/span><\/p><p><span style=\"font-weight: 400;\">Al poner al usuario en el centro de nuestras reflexiones, producimos narrativas que despiertan inter\u00e9s y compromiso.<\/span><\/p>\t\t\t\t\t\t\t\t<\/div>\n\t\t\t\t<\/div>\n\t\t<div class=\"elementor-element elementor-element-264cd16 e-con-full e-flex elementor-invisible e-con e-child\" data-id=\"264cd16\" data-element_type=\"container\" data-e-type=\"container\" data-settings=\"{&quot;background_background&quot;:&quot;classic&quot;,&quot;animation&quot;:&quot;zoomIn&quot;,&quot;animation_delay&quot;:10}\">\n\t\t\t\t<\/div>\n\t\t<div class=\"elementor-element elementor-element-b25023c e-con-full e-flex elementor-invisible e-con e-child\" data-id=\"b25023c\" data-element_type=\"container\" data-e-type=\"container\" data-settings=\"{&quot;background_background&quot;:&quot;classic&quot;,&quot;animation&quot;:&quot;zoomIn&quot;,&quot;animation_delay&quot;:15}\">\n\t\t\t\t<\/div>\n\t\t<div class=\"elementor-element elementor-element-71fd31c e-con-full e-flex e-con e-child\" data-id=\"71fd31c\" data-element_type=\"container\" data-e-type=\"container\">\n\t\t\t\t<div class=\"elementor-element elementor-element-d9f7e23 elementor-widget elementor-widget-heading\" data-id=\"d9f7e23\" data-element_type=\"widget\" data-e-type=\"widget\" data-widget_type=\"heading.default\">\n\t\t\t\t\t<h2 class=\"elementor-heading-title elementor-size-default\">Blogging: impulse su visibilidad y su experiencia<\/h2>\t\t\t\t<\/div>\n\t\t\t\t<div class=\"elementor-element elementor-element-b877102 elementor-widget elementor-widget-text-editor\" data-id=\"b877102\" data-element_type=\"widget\" data-e-type=\"widget\" data-widget_type=\"text-editor.default\">\n\t\t\t\t\t\t\t\t\t<p>Un blog bien dise\u00f1ado es una poderosa herramienta para mejorar su posicionamiento org\u00e1nico y posicionar su marca como referente en su sector.<\/p><p>En MG WEB, redactamos art\u00edculos optimizados, informativos y atractivos que responden a las expectativas de sus clientes mientras refuerzan su visibilidad en los motores de b\u00fasqueda.<\/p>\t\t\t\t\t\t\t\t<\/div>\n\t\t\t\t<\/div>\n\t\t<div class=\"elementor-element elementor-element-4683454 e-con-full e-flex e-con e-child\" data-id=\"4683454\" data-element_type=\"container\" data-e-type=\"container\">\n\t\t\t\t<div class=\"elementor-element elementor-element-6822a48 elementor-widget elementor-widget-heading\" data-id=\"6822a48\" data-element_type=\"widget\" data-e-type=\"widget\" data-widget_type=\"heading.default\">\n\t\t\t\t\t<h2 class=\"elementor-heading-title elementor-size-default\">Video marketing: d\u00e9 vida a su mensaje<\/h2>\t\t\t\t<\/div>\n\t\t\t\t<div class=\"elementor-element elementor-element-25e52c1 elementor-widget elementor-widget-text-editor\" data-id=\"25e52c1\" data-element_type=\"widget\" data-e-type=\"widget\" data-widget_type=\"text-editor.default\">\n\t\t\t\t\t\t\t\t\t<p><span style=\"font-weight: 400;\">Los v\u00eddeos cautivan, cuentan historias y convierten a los espectadores en clientes. <\/span><\/p><p><span style=\"font-weight: 400;\">Creamos v\u00eddeos personalizados, ya sean educativos, de estilo de vida o promocionales, para transmitir su mensaje con creatividad e impacto. <\/span><\/p><p><span style=\"font-weight: 400;\">Cada v\u00eddeo est\u00e1 optimizado para canales digitales y dise\u00f1ado para cautivar a su audiencia.<\/span><\/p>\t\t\t\t\t\t\t\t<\/div>\n\t\t\t\t<\/div>\n\t\t<div class=\"elementor-element elementor-element-ef5f9f3 e-con-full e-flex elementor-invisible e-con e-child\" data-id=\"ef5f9f3\" data-element_type=\"container\" data-e-type=\"container\" data-settings=\"{&quot;background_background&quot;:&quot;classic&quot;,&quot;animation&quot;:&quot;zoomIn&quot;,&quot;animation_delay&quot;:20}\">\n\t\t\t\t<\/div>\n\t\t\t\t<\/div>\n\t\t\t\t<\/div>\n\t\t","protected":false},"excerpt":{"rendered":"<p>Cuente su historia y capte a su audiencia<\/p>\n","protected":false},"author":1,"featured_media":15624,"parent":0,"menu_order":0,"comment_status":"closed","ping_status":"closed","template":"","meta":{"footnotes":""},"class_list":["post-16036","page","type-page","status-publish","has-post-thumbnail","hentry"],"_links":{"self":[{"href":"https:\/\/mg-web.fr\/es\/wp-json\/wp\/v2\/pages\/16036","targetHints":{"allow":["GET"]}}],"collection":[{"href":"https:\/\/mg-web.fr\/es\/wp-json\/wp\/v2\/pages"}],"about":[{"href":"https:\/\/mg-web.fr\/es\/wp-json\/wp\/v2\/types\/page"}],"author":[{"embeddable":true,"href":"https:\/\/mg-web.fr\/es\/wp-json\/wp\/v2\/users\/1"}],"replies":[{"embeddable":true,"href":"https:\/\/mg-web.fr\/es\/wp-json\/wp\/v2\/comments?post=16036"}],"version-history":[{"count":1,"href":"https:\/\/mg-web.fr\/es\/wp-json\/wp\/v2\/pages\/16036\/revisions"}],"predecessor-version":[{"id":16037,"href":"https:\/\/mg-web.fr\/es\/wp-json\/wp\/v2\/pages\/16036\/revisions\/16037"}],"wp:featuredmedia":[{"embeddable":true,"href":"https:\/\/mg-web.fr\/es\/wp-json\/wp\/v2\/media\/15624"}],"wp:attachment":[{"href":"https:\/\/mg-web.fr\/es\/wp-json\/wp\/v2\/media?parent=16036"}],"curies":[{"name":"wp","href":"https:\/\/api.w.org\/{rel}","templated":true}]}}