{"id":16042,"date":"2024-11-28T13:07:40","date_gmt":"2024-11-28T13:07:40","guid":{"rendered":"https:\/\/mg-web.fr\/posicionamiento-web-de-pago\/"},"modified":"2025-10-28T15:09:37","modified_gmt":"2025-10-28T15:09:37","slug":"posicionamiento-web-de-pago","status":"publish","type":"page","link":"https:\/\/mg-web.fr\/es\/posicionamiento-web-de-pago\/","title":{"rendered":"Posicionamiento web de pago"},"content":{"rendered":"\t\t<div data-elementor-type=\"wp-page\" data-elementor-id=\"16042\" class=\"elementor elementor-16042 elementor-135\" data-elementor-post-type=\"page\">\n\t\t\t\t<div class=\"elementor-element elementor-element-16e1684 e-con-full e-flex e-con e-parent\" data-id=\"16e1684\" data-element_type=\"container\" data-e-type=\"container\">\n\t\t<div class=\"elementor-element elementor-element-fb1b6ab e-con-full e-flex e-con e-child\" data-id=\"fb1b6ab\" data-element_type=\"container\" data-e-type=\"container\" data-settings=\"{&quot;background_background&quot;:&quot;classic&quot;}\">\n\t\t\t\t<div class=\"elementor-element elementor-element-18c19cf elementor-widget elementor-widget-heading\" data-id=\"18c19cf\" data-element_type=\"widget\" data-e-type=\"widget\" data-widget_type=\"heading.default\">\n\t\t\t\t\t<p class=\"elementor-heading-title elementor-size-default\">Le ayudamos a aprovechar las campa\u00f1as de posicionamiento de pago en Google Ads para posicionar su empresa desde ahora mismo en los primeros puestos de los resultados de b\u00fasqueda.<\/p>\t\t\t\t<\/div>\n\t\t\t\t<\/div>\n\t\t<div class=\"elementor-element elementor-element-2ba3c55 e-con-full e-flex elementor-invisible e-con e-child\" data-id=\"2ba3c55\" data-element_type=\"container\" data-e-type=\"container\" data-settings=\"{&quot;background_background&quot;:&quot;classic&quot;,&quot;animation&quot;:&quot;zoomIn&quot;,&quot;animation_delay&quot;:4}\">\n\t\t\t\t<\/div>\n\t\t<div class=\"elementor-element elementor-element-2c07e03 e-con-full e-flex e-con e-child\" data-id=\"2c07e03\" data-element_type=\"container\" data-e-type=\"container\">\n\t\t\t\t<div class=\"elementor-element elementor-element-fb6803f elementor-widget elementor-widget-heading\" data-id=\"fb6803f\" data-element_type=\"widget\" data-e-type=\"widget\" data-widget_type=\"heading.default\">\n\t\t\t\t\t<h2 class=\"elementor-heading-title elementor-size-default\">Una estrategia personalizada para optimizar su retorno de inversi\u00f3n<\/h2>\t\t\t\t<\/div>\n\t\t\t\t<div class=\"elementor-element elementor-element-b450dec elementor-widget elementor-widget-text-editor\" data-id=\"b450dec\" data-element_type=\"widget\" data-e-type=\"widget\" data-widget_type=\"text-editor.default\">\n\t\t\t\t\t\t\t\t\t<p>Nuestros expertos optimizan cada aspecto de sus campa\u00f1as SEA, desde la selecci\u00f3n de palabras clave hasta la redacci\u00f3n de anuncios, pasando por el seguimiento y ajuste de su rendimiento.<\/p><p>Garantizamos una gesti\u00f3n proactiva de sus presupuestos publicitarios para generar clics cualificados y convertir eficazmente sus prospectos en clientes.<\/p>\t\t\t\t\t\t\t\t<\/div>\n\t\t\t\t<\/div>\n\t\t<div class=\"elementor-element elementor-element-d1ef313 e-con-full e-flex e-con e-child\" data-id=\"d1ef313\" data-element_type=\"container\" data-e-type=\"container\">\n\t\t\t\t<div class=\"elementor-element elementor-element-6b41221 elementor-widget elementor-widget-heading\" data-id=\"6b41221\" data-element_type=\"widget\" data-e-type=\"widget\" data-widget_type=\"heading.default\">\n\t\t\t\t\t<h2 class=\"elementor-heading-title elementor-size-default\"><span style=\"font-size: 28.8px\">Social Ads<\/span><\/h2>\t\t\t\t<\/div>\n\t\t\t\t<div class=\"elementor-element elementor-element-464d05f elementor-widget elementor-widget-text-editor\" data-id=\"464d05f\" data-element_type=\"widget\" data-e-type=\"widget\" data-widget_type=\"text-editor.default\">\n\t\t\t\t\t\t\t\t\t<p>Nuestros expertos le acompa\u00f1an en la definici\u00f3n, implementaci\u00f3n y optimizaci\u00f3n de su estrategia de anuncios publicitarios en redes sociales.<\/p><p>LinkedIn, Facebook e Instagram son plataformas con potencial para todas las marcas.<\/p><p>Adquisici\u00f3n, engagement, conversiones&#8230; Nuestros equipos de social ads dominan los c\u00f3digos de cada red para implementar una estrategia a medida adaptada a sus objetivos.<\/p>\t\t\t\t\t\t\t\t<\/div>\n\t\t\t\t<\/div>\n\t\t<div class=\"elementor-element elementor-element-f1b739b e-con-full e-flex elementor-invisible e-con e-child\" data-id=\"f1b739b\" data-element_type=\"container\" data-e-type=\"container\" data-settings=\"{&quot;background_background&quot;:&quot;classic&quot;,&quot;animation&quot;:&quot;zoomIn&quot;,&quot;animation_delay&quot;:5}\">\n\t\t\t\t<\/div>\n\t\t<div class=\"elementor-element elementor-element-7e19e39 e-con-full e-flex elementor-invisible e-con e-child\" data-id=\"7e19e39\" data-element_type=\"container\" data-e-type=\"container\" data-settings=\"{&quot;background_background&quot;:&quot;classic&quot;,&quot;animation&quot;:&quot;zoomIn&quot;,&quot;animation_delay&quot;:15}\">\n\t\t\t\t<\/div>\n\t\t<div class=\"elementor-element elementor-element-64eb95d e-con-full e-flex e-con e-child\" data-id=\"64eb95d\" data-element_type=\"container\" data-e-type=\"container\">\n\t\t\t\t<div class=\"elementor-element elementor-element-6f1f0ce elementor-widget elementor-widget-heading\" data-id=\"6f1f0ce\" data-element_type=\"widget\" data-e-type=\"widget\" data-widget_type=\"heading.default\">\n\t\t\t\t\t<h2 class=\"elementor-heading-title elementor-size-default\"><span style=\"font-size: 28.8px\">\u00bfPor qu\u00e9 confiar en MG WEB para su posicionamiento de pago?<\/span><\/h2>\t\t\t\t<\/div>\n\t\t\t\t<div class=\"elementor-element elementor-element-cd3e758 elementor-widget elementor-widget-text-editor\" data-id=\"cd3e758\" data-element_type=\"widget\" data-e-type=\"widget\" data-widget_type=\"text-editor.default\">\n\t\t\t\t\t\t\t\t\t<p>Con nuestras soluciones de posicionamiento de pago, aumentar\u00e1 su visibilidad instant\u00e1neamente, alcanzar\u00e1 una audiencia cualificada e impulsar\u00e1 su facturaci\u00f3n.<\/p><p>Nuestro enfoque le permite medir con precisi\u00f3n sus resultados y ajustar sus campa\u00f1as para un impacto m\u00e1ximo.<\/p>\t\t\t\t\t\t\t\t<\/div>\n\t\t\t\t<\/div>\n\t\t\t\t<\/div>\n\t\t\t\t<\/div>\n\t\t","protected":false},"excerpt":{"rendered":"<p>Gane visibilidad inmediatamente gracias al posicionamiento de pago<\/p>\n","protected":false},"author":1,"featured_media":15592,"parent":0,"menu_order":0,"comment_status":"closed","ping_status":"closed","template":"","meta":{"footnotes":""},"class_list":["post-16042","page","type-page","status-publish","has-post-thumbnail","hentry"],"_links":{"self":[{"href":"https:\/\/mg-web.fr\/es\/wp-json\/wp\/v2\/pages\/16042","targetHints":{"allow":["GET"]}}],"collection":[{"href":"https:\/\/mg-web.fr\/es\/wp-json\/wp\/v2\/pages"}],"about":[{"href":"https:\/\/mg-web.fr\/es\/wp-json\/wp\/v2\/types\/page"}],"author":[{"embeddable":true,"href":"https:\/\/mg-web.fr\/es\/wp-json\/wp\/v2\/users\/1"}],"replies":[{"embeddable":true,"href":"https:\/\/mg-web.fr\/es\/wp-json\/wp\/v2\/comments?post=16042"}],"version-history":[{"count":1,"href":"https:\/\/mg-web.fr\/es\/wp-json\/wp\/v2\/pages\/16042\/revisions"}],"predecessor-version":[{"id":16043,"href":"https:\/\/mg-web.fr\/es\/wp-json\/wp\/v2\/pages\/16042\/revisions\/16043"}],"wp:featuredmedia":[{"embeddable":true,"href":"https:\/\/mg-web.fr\/es\/wp-json\/wp\/v2\/media\/15592"}],"wp:attachment":[{"href":"https:\/\/mg-web.fr\/es\/wp-json\/wp\/v2\/media?parent=16042"}],"curies":[{"name":"wp","href":"https:\/\/api.w.org\/{rel}","templated":true}]}}