{"id":16044,"date":"2024-11-28T13:10:02","date_gmt":"2024-11-28T13:10:02","guid":{"rendered":"https:\/\/mg-web.fr\/web-analytics-analisis-de-datos\/"},"modified":"2025-10-28T15:09:37","modified_gmt":"2025-10-28T15:09:37","slug":"web-analytics-analisis-de-datos","status":"publish","type":"page","link":"https:\/\/mg-web.fr\/es\/web-analytics-analisis-de-datos\/","title":{"rendered":"Web analytics &#8211; An\u00e1lisis de datos"},"content":{"rendered":"\t\t<div data-elementor-type=\"wp-page\" data-elementor-id=\"16044\" class=\"elementor elementor-16044 elementor-145\" data-elementor-post-type=\"page\">\n\t\t\t\t<div class=\"elementor-element elementor-element-8ebb835 e-con-full e-flex e-con e-parent\" data-id=\"8ebb835\" data-element_type=\"container\" data-e-type=\"container\">\n\t\t<div class=\"elementor-element elementor-element-4e88307 e-con-full e-flex e-con e-child\" data-id=\"4e88307\" data-element_type=\"container\" data-e-type=\"container\" data-settings=\"{&quot;background_background&quot;:&quot;classic&quot;}\">\n\t\t\t\t<div class=\"elementor-element elementor-element-702f092 elementor-widget elementor-widget-heading\" data-id=\"702f092\" data-element_type=\"widget\" data-e-type=\"widget\" data-widget_type=\"heading.default\">\n\t\t\t\t\t<p class=\"elementor-heading-title elementor-size-default\">El web analytics consiste en analizar los datos de su sitio para comprender a sus clientes, medir su rendimiento y mejorar su estrategia en l\u00ednea.<\/p>\t\t\t\t<\/div>\n\t\t\t\t<\/div>\n\t\t<div class=\"elementor-element elementor-element-e897a86 e-con-full e-flex elementor-invisible e-con e-child\" data-id=\"e897a86\" data-element_type=\"container\" data-e-type=\"container\" data-settings=\"{&quot;background_background&quot;:&quot;video&quot;,&quot;background_video_link&quot;:&quot;\\\/wp-content\\\/uploads\\\/2025\\\/03\\\/MG-WEB-anaytics.mp4&quot;,&quot;animation&quot;:&quot;zoomIn&quot;,&quot;animation_delay&quot;:4}\">\n\t\t<div class=\"elementor-background-video-container elementor-hidden-mobile\">\n\t\t\t\t\t\t\t<video class=\"elementor-background-video-hosted\" role=\"presentation\" autoplay muted playsinline loop><\/video>\n\t\t\t\t\t<\/div>\t\t<\/div>\n\t\t<div class=\"elementor-element elementor-element-7bd095c e-con-full e-flex e-con e-child\" data-id=\"7bd095c\" data-element_type=\"container\" data-e-type=\"container\">\n\t\t\t\t<div class=\"elementor-element elementor-element-221bbf6 elementor-widget elementor-widget-heading\" data-id=\"221bbf6\" data-element_type=\"widget\" data-e-type=\"widget\" data-widget_type=\"heading.default\">\n\t\t\t\t\t<h2 class=\"elementor-heading-title elementor-size-default\">Dirija su actividad gracias a los datos<\/h2>\t\t\t\t<\/div>\n\t\t\t\t<div class=\"elementor-element elementor-element-69a6106 elementor-widget elementor-widget-text-editor\" data-id=\"69a6106\" data-element_type=\"widget\" data-e-type=\"widget\" data-widget_type=\"text-editor.default\">\n\t\t\t\t\t\t\t\t\t<p>En MG WEB, le ayudamos a explotar estos datos para dirigir sus acciones de marketing de manera eficaz.<\/p><p>Con nuestros an\u00e1lisis, descubra qu\u00e9 campa\u00f1as generan visitas, ventas o conversiones.<\/p><p>Utilizamos herramientas como Google Analytics, Matomo, Microsoft Clarity o Hotjar para proporcionarle una visi\u00f3n clara y fiable de la actividad de su sitio.<\/p>\t\t\t\t\t\t\t\t<\/div>\n\t\t\t\t<\/div>\n\t\t<div class=\"elementor-element elementor-element-5adc642 e-con-full e-flex e-con e-child\" data-id=\"5adc642\" data-element_type=\"container\" data-e-type=\"container\">\n\t\t\t\t<div class=\"elementor-element elementor-element-d044e3c elementor-widget elementor-widget-heading\" data-id=\"d044e3c\" data-element_type=\"widget\" data-e-type=\"widget\" data-widget_type=\"heading.default\">\n\t\t\t\t\t<h2 class=\"elementor-heading-title elementor-size-default\">Optimice su rendimiento en todos los soportes<\/h2>\t\t\t\t<\/div>\n\t\t\t\t<div class=\"elementor-element elementor-element-04ba591 elementor-widget elementor-widget-text-editor\" data-id=\"04ba591\" data-element_type=\"widget\" data-e-type=\"widget\" data-widget_type=\"text-editor.default\">\n\t\t\t\t\t\t\t\t\t<p><span style=\"font-weight: 400;\">Ya sea para su sitio web, una aplicaci\u00f3n o sus redes sociales, nuestros informes se adaptan a sus necesidades. Analizamos: <\/span><\/p><ul><li style=\"font-weight: 400;\" aria-level=\"1\"><span style=\"font-weight: 400;\">el tr\u00e1fico y sus fuentes<\/span><\/li><li style=\"font-weight: 400;\" aria-level=\"1\"><span style=\"font-weight: 400;\">las conversiones y los objetivos<\/span><\/li><li style=\"font-weight: 400;\" aria-level=\"1\"><span style=\"font-weight: 400;\">los puntos d\u00e9biles a trabajar<\/span><\/li><\/ul><p><span style=\"font-weight: 400;\">Estos datos concretos le permitir\u00e1n ajustar sus acciones de marketing y mejorar sus resultados.<\/span><\/p>\t\t\t\t\t\t\t\t<\/div>\n\t\t\t\t<\/div>\n\t\t<div class=\"elementor-element elementor-element-4f6f673 e-con-full e-flex elementor-invisible e-con e-child\" data-id=\"4f6f673\" data-element_type=\"container\" data-e-type=\"container\" data-settings=\"{&quot;background_background&quot;:&quot;classic&quot;,&quot;animation&quot;:&quot;zoomIn&quot;,&quot;animation_delay&quot;:8}\">\n\t\t\t\t<\/div>\n\t\t<div class=\"elementor-element elementor-element-9e592fa e-con-full e-flex elementor-invisible e-con e-child\" data-id=\"9e592fa\" data-element_type=\"container\" data-e-type=\"container\" data-settings=\"{&quot;background_background&quot;:&quot;classic&quot;,&quot;animation&quot;:&quot;zoomIn&quot;,&quot;animation_delay&quot;:10}\">\n\t\t\t\t<\/div>\n\t\t<div class=\"elementor-element elementor-element-d9484e1 e-con-full e-flex e-con e-child\" data-id=\"d9484e1\" data-element_type=\"container\" data-e-type=\"container\">\n\t\t\t\t<div class=\"elementor-element elementor-element-22d510c elementor-widget elementor-widget-heading\" data-id=\"22d510c\" data-element_type=\"widget\" data-e-type=\"widget\" data-widget_type=\"heading.default\">\n\t\t\t\t\t<h2 class=\"elementor-heading-title elementor-size-default\">Aprenda a conocer a sus clientes para fidelizarlos mejor<\/h2>\t\t\t\t<\/div>\n\t\t\t\t<div class=\"elementor-element elementor-element-acf4faa elementor-widget elementor-widget-text-editor\" data-id=\"acf4faa\" data-element_type=\"widget\" data-e-type=\"widget\" data-widget_type=\"text-editor.default\">\n\t\t\t\t\t\t\t\t\t<p>Gracias al web analytics, identifique qui\u00e9nes son sus visitantes, qu\u00e9 buscan y c\u00f3mo mejorar su experiencia.<\/p><p>Al personalizar su sitio seg\u00fan sus expectativas, optimiza su compromiso y favorece su fidelizaci\u00f3n.<\/p>\t\t\t\t\t\t\t\t<\/div>\n\t\t\t\t<\/div>\n\t\t<div class=\"elementor-element elementor-element-8c499e5 e-con-full e-flex e-con e-child\" data-id=\"8c499e5\" data-element_type=\"container\" data-e-type=\"container\">\n\t\t\t\t<div class=\"elementor-element elementor-element-3ac7233 elementor-widget elementor-widget-heading\" data-id=\"3ac7233\" data-element_type=\"widget\" data-e-type=\"widget\" data-widget_type=\"heading.default\">\n\t\t\t\t\t<h2 class=\"elementor-heading-title elementor-size-default\">Preguntas frecuentes sobre el Web analytics<\/h2>\t\t\t\t<\/div>\n\t\t\t\t<div class=\"elementor-element elementor-element-40aa19e elementor-widget elementor-widget-text-editor\" data-id=\"40aa19e\" data-element_type=\"widget\" data-e-type=\"widget\" data-widget_type=\"text-editor.default\">\n\t\t\t\t\t\t\t\t\t<p><strong>\u00bfQu\u00e9 herramientas utilizar?<\/strong><br>Google Analytics es imprescindible, pero alternativas como Microsoft Clarity, Hotjar o Matomo responden a necesidades espec\u00edficas.<\/p><p><strong>\u00bfC\u00f3mo analizar su sitio?<\/strong><br>Un an\u00e1lisis eficaz se basa en:<\/p><ol><li>una auditor\u00eda t\u00e9cnica y SEO<\/li><li>un an\u00e1lisis de la experiencia de usuario<\/li><li>una auditor\u00eda de conversi\u00f3n<\/li><\/ol>\t\t\t\t\t\t\t\t<\/div>\n\t\t\t\t<\/div>\n\t\t<div class=\"elementor-element elementor-element-8c5ff18 e-con-full e-flex elementor-invisible e-con e-child\" data-id=\"8c5ff18\" data-element_type=\"container\" data-e-type=\"container\" data-settings=\"{&quot;background_background&quot;:&quot;classic&quot;,&quot;animation&quot;:&quot;zoomIn&quot;,&quot;animation_delay&quot;:15}\">\n\t\t\t\t<\/div>\n\t\t\t\t<\/div>\n\t\t\t\t<\/div>\n\t\t","protected":false},"excerpt":{"rendered":"<p>Aproveche sus datos para impulsar su estrategia digital<\/p>\n","protected":false},"author":1,"featured_media":0,"parent":0,"menu_order":0,"comment_status":"closed","ping_status":"closed","template":"","meta":{"footnotes":""},"class_list":["post-16044","page","type-page","status-publish","hentry"],"_links":{"self":[{"href":"https:\/\/mg-web.fr\/es\/wp-json\/wp\/v2\/pages\/16044","targetHints":{"allow":["GET"]}}],"collection":[{"href":"https:\/\/mg-web.fr\/es\/wp-json\/wp\/v2\/pages"}],"about":[{"href":"https:\/\/mg-web.fr\/es\/wp-json\/wp\/v2\/types\/page"}],"author":[{"embeddable":true,"href":"https:\/\/mg-web.fr\/es\/wp-json\/wp\/v2\/users\/1"}],"replies":[{"embeddable":true,"href":"https:\/\/mg-web.fr\/es\/wp-json\/wp\/v2\/comments?post=16044"}],"version-history":[{"count":1,"href":"https:\/\/mg-web.fr\/es\/wp-json\/wp\/v2\/pages\/16044\/revisions"}],"predecessor-version":[{"id":16045,"href":"https:\/\/mg-web.fr\/es\/wp-json\/wp\/v2\/pages\/16044\/revisions\/16045"}],"wp:attachment":[{"href":"https:\/\/mg-web.fr\/es\/wp-json\/wp\/v2\/media?parent=16044"}],"curies":[{"name":"wp","href":"https:\/\/api.w.org\/{rel}","templated":true}]}}